{"id":41,"date":"2011-01-19T23:46:20","date_gmt":"2011-01-19T21:46:20","guid":{"rendered":"http:\/\/www.kokkidojo.cz\/?page_id=41"},"modified":"2018-01-10T19:19:03","modified_gmt":"2018-01-10T17:19:03","slug":"kontakt","status":"publish","type":"page","link":"http:\/\/www.kokkidojo.cz\/?page_id=41","title":{"rendered":"Kontakt"},"content":{"rendered":"<p><strong>Kokki dojo z. s.<\/strong><br \/>\nI\u010cO:22680543<br \/>\nVod\u0148ansk\u00e1 5<br \/>\n\u010cesk\u00e9 Bud\u011bjovice, 370 11<br \/>\nCzech Republic<\/p>\n<p>\u00fa\u010det spolku. <strong>2301134933\/2010<\/strong> (<strong>Fio banka<\/strong>)<\/p>\n<p><strong>P\u0159edseda:<\/strong><br \/>\nVladim\u00edr Hyndr\u00e1k<br \/>\nkokkidojo@seznam.cz<\/p>\n<p><strong>Kde cvi\u010d\u00edme?<\/strong><\/p>\n<p>Cvi\u010d\u00edme v Sokole Bor\u0161ov nad Vltavou.<\/p>\n<p>GPS: 48\u00b055&#8217;32.185&#8243;N, 14\u00b026&#8217;23.744&#8243;E<br \/>\nOdkaz na mapu: <a title=\"http:\/\/www.mapy.cz\/s\/7EED\" href=\"http:\/\/www.mapy.cz\/s\/7EED\" target=\"_blank\">http:\/\/www.mapy.cz\/s\/7EED<\/a><\/p>\n<p>Adresa:<br \/>\nSokol Bor\u0161ov nad Vltavou<br \/>\n373 82 \u010cesk\u00e9 Bud\u011bjovice<br \/>\nBor\u0161ov nad Vltavou-Po\u0159\u00ed\u010d\u00ed 189<\/p>\n<p><strong>Kdy?<\/strong><br \/>\n\u00fater\u00fd 19:30 \u2013 21:30 \u00a0&#8211; cvi\u010den\u00ed iaido<\/p>\n<p>sobota, ned\u011ble dopoledne \u00a0&#8211; cvi\u010den\u00ed iaid\u00f3 dle p\u0159edchoz\u00ed domluvy<\/p>\n<p>Nepo\u0159\u00e1d\u00e1me \u017e\u00e1dn\u00e9 n\u00e1bory. Za\u010d\u00edt s n\u00e1ma cvi\u010dit m\u016f\u017ee kdokoli a kdykoliv. Pohlav\u00ed, v\u011bk ani zdravotn\u00ed stav nebo t\u011blesn\u00fd handicap nen\u00ed omezuj\u00edc\u00ed ve cvi\u010den\u00ed iaid\u00f3. D\u016fle\u017eit\u011bj\u0161\u00ed je chu\u0165 cvi\u010dit, nau\u010dit se.<\/p>\n<p>Ro\u010dn\u00ed poplatek za cvi\u010den\u00ed je 500 K\u010d a je to poplatek za \u010dlenstv\u00ed v Sokole Bor\u0161ov nad Vltavou, kde cvi\u010d\u00edme.<\/p>\n<p>Pro p\u0159\u00edpadn\u00e9 dotazy ke cvi\u010den\u00ed \u010di na\u0161emu d\u00f3d\u017e\u00f3 pros\u00edm sm\u011b\u0159ujte va\u0161e dotazy na <a title=\"brezinap@email.cz\" href=\"mailto: brezinap@email.cz\" target=\"_blank\">kokkidojo@seznam.cz<\/a> . Budeme se sna\u017eit v\u00e1m odpov\u011bd\u011bt v co nejkrat\u0161\u00ed dob\u011b.<\/p>\n<p>For any informations about practising in our dojo please contact us via email <a title=\"brezinap@email.cz\" href=\"mailto: brezinap@email.cz\" target=\"_blank\">kokkidojo@seznam.cz<\/a>\u00a0. We will reply as soon as possible.<\/p>\n","protected":false},"excerpt":{"rendered":"<p>Kokki dojo z. s. I\u010cO:22680543 Vod\u0148ansk\u00e1 5 \u010cesk\u00e9 Bud\u011bjovice, 370 11 Czech Republic \u00fa\u010det spolku. 2301134933\/2010 (Fio banka) P\u0159edseda: Vladim\u00edr Hyndr\u00e1k kokkidojo@seznam.cz Kde cvi\u010d\u00edme? Cvi\u010d\u00edme v Sokole Bor\u0161ov nad Vltavou. GPS: 48\u00b055&#8217;32.185&#8243;N, 14\u00b026&#8217;23.744&#8243;E Odkaz na mapu: http:\/\/www.mapy.cz\/s\/7EED Adresa: Sokol Bor\u0161ov nad Vltavou 373 82 \u010cesk\u00e9 Bud\u011bjovice Bor\u0161ov nad Vltavou-Po\u0159\u00ed\u010d\u00ed 189 Kdy? \u00fater\u00fd 19:30 \u2013 21:30 [&hellip;]<\/p>\n","protected":false},"author":2,"featured_media":0,"parent":0,"menu_order":0,"comment_status":"open","ping_status":"open","template":"","meta":{"ngg_post_thumbnail":0,"footnotes":""},"class_list":["post-41","page","type-page","status-publish","hentry"],"_links":{"self":[{"href":"http:\/\/www.kokkidojo.cz\/index.php?rest_route=\/wp\/v2\/pages\/41","targetHints":{"allow":["GET"]}}],"collection":[{"href":"http:\/\/www.kokkidojo.cz\/index.php?rest_route=\/wp\/v2\/pages"}],"about":[{"href":"http:\/\/www.kokkidojo.cz\/index.php?rest_route=\/wp\/v2\/types\/page"}],"author":[{"embeddable":true,"href":"http:\/\/www.kokkidojo.cz\/index.php?rest_route=\/wp\/v2\/users\/2"}],"replies":[{"embeddable":true,"href":"http:\/\/www.kokkidojo.cz\/index.php?rest_route=%2Fwp%2Fv2%2Fcomments&post=41"}],"version-history":[{"count":43,"href":"http:\/\/www.kokkidojo.cz\/index.php?rest_route=\/wp\/v2\/pages\/41\/revisions"}],"predecessor-version":[{"id":56,"href":"http:\/\/www.kokkidojo.cz\/index.php?rest_route=\/wp\/v2\/pages\/41\/revisions\/56"}],"wp:attachment":[{"href":"http:\/\/www.kokkidojo.cz\/index.php?rest_route=%2Fwp%2Fv2%2Fmedia&parent=41"}],"curies":[{"name":"wp","href":"https:\/\/api.w.org\/{rel}","templated":true}]}}