{"id":3029,"date":"2013-05-17T10:12:13","date_gmt":"2013-05-17T08:12:13","guid":{"rendered":"http:\/\/www.kokkidojo.cz\/?page_id=3029"},"modified":"2018-01-10T19:51:34","modified_gmt":"2018-01-10T17:51:34","slug":"iaido-enbu-pana-harady","status":"publish","type":"page","link":"http:\/\/www.kokkidojo.cz\/?page_id=3029","title":{"rendered":"Iaid\u00f3 enbu pana Harady"},"content":{"rendered":"<p>Na Youtube jsou k vid\u011bn\u00ed r\u016fzn\u00e1 iaid\u00f3 enbu, kde pan Harada Kazuhiro (8.dan ZNKR iaid\u00f3 kj\u00f3\u0161i) \u00a0ukazuje sv\u00e9 iaid\u00f3. Na nich je mo\u017eno spat\u0159it, kterak pan Harada cvi\u010d\u00ed \u0161koly Mus\u00f3 \u0160inden rj\u00fa a ZNKR Seitei iai.<\/p>\n<p>Jenom pro up\u0159esn\u011bn\u00ed bych r\u00e1d uvedl, \u017ee v jeho n\u011bkter\u00fdch enbu je mo\u017eno spat\u0159it pohromad\u011b demonstrace kata \u0161kol Mus\u00f3 \u0160inden rj\u00fa i ZNKR Seitei iai (nejd\u0159\u00edve korj\u00fa kata, pak ZNKR Seitei iaid\u00f3 kata, \u00favodn\u00ed i z\u00e1v\u011bre\u010dn\u00e9 reih\u00f3 se pak prov\u00e1d\u00ed dle ZNKR Seitei iai). Tento zp\u016fsob odpov\u00edd\u00e1 zvyklostem Celojaponsk\u00e9 federace kend\u00f3 (AJKF &#8211; All Japan Kendo Federation \u00a0(anglicky) \/ ZNKR \u00a0&#8211; Zen Nihon kendo Renmei (japonsk\u00e9 \u010dten\u00ed)).<\/p>\n<p><strong>Riga taikai (2009, Loty\u0161sko (Latvija)) &#8211; embu ZNKR Seitei iai &#8211; d\u00edl 1<\/strong><br \/>\n<iframe loading=\"lazy\" title=\"Iaido by Harada-sensei Part I\" width=\"500\" height=\"375\" src=\"https:\/\/www.youtube.com\/embed\/ms9HoFdpXDg?feature=oembed\" frameborder=\"0\" allow=\"accelerometer; autoplay; clipboard-write; encrypted-media; gyroscope; picture-in-picture; web-share\" referrerpolicy=\"strict-origin-when-cross-origin\" allowfullscreen><\/iframe><\/p>\n<p><strong>Riga taikai (2009, Loty\u0161sko (Latvija)) &#8211; embu ZNKR Seitei iai &#8211; d\u00edl 2<\/strong><br \/>\n<iframe loading=\"lazy\" title=\"Iaido by Harada-sensei Part II\" width=\"500\" height=\"375\" src=\"https:\/\/www.youtube.com\/embed\/KW8STSRfyTE?feature=oembed\" frameborder=\"0\" allow=\"accelerometer; autoplay; clipboard-write; encrypted-media; gyroscope; picture-in-picture; web-share\" referrerpolicy=\"strict-origin-when-cross-origin\" allowfullscreen><\/iframe><\/p>\n<p><strong>Riga iaid\u00f3 semin\u00e1\u0159 (2009, Loty\u0161sko (Latvija)) &#8211; vysv\u011btlen\u00ed iaigo\u0161i<\/strong><br \/>\n<iframe loading=\"lazy\" title=\"Iaido lesson by Harada- sensei\" width=\"500\" height=\"281\" src=\"https:\/\/www.youtube.com\/embed\/-RpMSEaMaWg?feature=oembed\" frameborder=\"0\" allow=\"accelerometer; autoplay; clipboard-write; encrypted-media; gyroscope; picture-in-picture; web-share\" referrerpolicy=\"strict-origin-when-cross-origin\" allowfullscreen><\/iframe><\/p>\n<p><strong>Sakuranbo taikai (2010, Japonsko) &#8211; ha\u010didan enbu<\/strong><br \/>\n<iframe loading=\"lazy\" title=\"Sakuranbo_taikai_enbu_03.avi\" width=\"500\" height=\"375\" src=\"https:\/\/www.youtube.com\/embed\/E02xqKNlmcQ?feature=oembed\" frameborder=\"0\" allow=\"accelerometer; autoplay; clipboard-write; encrypted-media; gyroscope; picture-in-picture; web-share\" referrerpolicy=\"strict-origin-when-cross-origin\" allowfullscreen><\/iframe><\/p>\n<p><strong>Fuku\u0161ima iaid\u00f3 taikai (2010, Japonsko) &#8211; ha\u010didan enbu &#8211; d\u00edl 1<\/strong><br \/>\n<iframe loading=\"lazy\" title=\"MVI_1256.avi\" width=\"500\" height=\"375\" src=\"https:\/\/www.youtube.com\/embed\/WYc7AW0lyRc?feature=oembed\" frameborder=\"0\" allow=\"accelerometer; autoplay; clipboard-write; encrypted-media; gyroscope; picture-in-picture; web-share\" referrerpolicy=\"strict-origin-when-cross-origin\" allowfullscreen><\/iframe><\/p>\n<p><strong>Fuku\u0161ima iaid\u00f3 taikai (2010, Japonsko) &#8211; ha\u010didan enbu &#8211; d\u00edl 2<\/strong><br \/>\n<iframe loading=\"lazy\" title=\"MVI_1257.avi\" width=\"500\" height=\"375\" src=\"https:\/\/www.youtube.com\/embed\/hRxsjMYFyIA?feature=oembed\" frameborder=\"0\" allow=\"accelerometer; autoplay; clipboard-write; encrypted-media; gyroscope; picture-in-picture; web-share\" referrerpolicy=\"strict-origin-when-cross-origin\" allowfullscreen><\/iframe><\/p>\n<p><strong>Fuku\u0161ima iaid\u00f3 taikai (2010, Japonsko) &#8211; ha\u010didan enbu &#8211; d\u00edl 3<\/strong><br \/>\n<iframe loading=\"lazy\" title=\"MVI_1258.avi\" width=\"500\" height=\"375\" src=\"https:\/\/www.youtube.com\/embed\/x2pyECVyops?feature=oembed\" frameborder=\"0\" allow=\"accelerometer; autoplay; clipboard-write; encrypted-media; gyroscope; picture-in-picture; web-share\" referrerpolicy=\"strict-origin-when-cross-origin\" allowfullscreen><\/iframe><\/p>\n<p><strong>Budokan v prefektu\u0159e Akita (z\u00e1\u0159\u00ed 2012, Japonsko) &#8211; ha\u010didan enbu<\/strong><br \/>\n<iframe loading=\"lazy\" title=\"\u7b2c\uff14\uff12\u56de\u6771\u5317\u5c45\u5408\u9053\u5927\u4f1a\u3000\u6a21\u7bc4\u6f14\u6b66 2\" width=\"500\" height=\"281\" src=\"https:\/\/www.youtube.com\/embed\/yvQcYWu6c3g?feature=oembed\" frameborder=\"0\" allow=\"accelerometer; autoplay; clipboard-write; encrypted-media; gyroscope; picture-in-picture; web-share\" referrerpolicy=\"strict-origin-when-cross-origin\" allowfullscreen><\/iframe><\/p>\n<p><strong>Star\u0161\u00ed video pana Harady z taikai (rok nezn\u00e1m\u00fd, Japonsko)<\/strong><br \/>\n<iframe loading=\"lazy\" title=\"Iaido - young Harada Kazuhiro sensei\" width=\"500\" height=\"375\" src=\"https:\/\/www.youtube.com\/embed\/0jM9FcwPrkQ?feature=oembed\" frameborder=\"0\" allow=\"accelerometer; autoplay; clipboard-write; encrypted-media; gyroscope; picture-in-picture; web-share\" referrerpolicy=\"strict-origin-when-cross-origin\" allowfullscreen><\/iframe><\/p>\n<p>&nbsp;<\/p>\n<p>&nbsp;<\/p>\n","protected":false},"excerpt":{"rendered":"<p>Na Youtube jsou k vid\u011bn\u00ed r\u016fzn\u00e1 iaid\u00f3 enbu, kde pan Harada Kazuhiro (8.dan ZNKR iaid\u00f3 kj\u00f3\u0161i) \u00a0ukazuje sv\u00e9 iaid\u00f3. Na nich je mo\u017eno spat\u0159it, kterak pan Harada cvi\u010d\u00ed \u0161koly Mus\u00f3 \u0160inden rj\u00fa a ZNKR Seitei iai. Jenom pro up\u0159esn\u011bn\u00ed bych r\u00e1d uvedl, \u017ee v jeho n\u011bkter\u00fdch enbu je mo\u017eno spat\u0159it pohromad\u011b demonstrace kata \u0161kol Mus\u00f3 [&hellip;]<\/p>\n","protected":false},"author":3,"featured_media":0,"parent":0,"menu_order":0,"comment_status":"closed","ping_status":"closed","template":"","meta":{"ngg_post_thumbnail":0,"footnotes":""},"class_list":["post-3029","page","type-page","status-publish","hentry"],"_links":{"self":[{"href":"http:\/\/www.kokkidojo.cz\/index.php?rest_route=\/wp\/v2\/pages\/3029","targetHints":{"allow":["GET"]}}],"collection":[{"href":"http:\/\/www.kokkidojo.cz\/index.php?rest_route=\/wp\/v2\/pages"}],"about":[{"href":"http:\/\/www.kokkidojo.cz\/index.php?rest_route=\/wp\/v2\/types\/page"}],"author":[{"embeddable":true,"href":"http:\/\/www.kokkidojo.cz\/index.php?rest_route=\/wp\/v2\/users\/3"}],"replies":[{"embeddable":true,"href":"http:\/\/www.kokkidojo.cz\/index.php?rest_route=%2Fwp%2Fv2%2Fcomments&post=3029"}],"version-history":[{"count":15,"href":"http:\/\/www.kokkidojo.cz\/index.php?rest_route=\/wp\/v2\/pages\/3029\/revisions"}],"predecessor-version":[{"id":3038,"href":"http:\/\/www.kokkidojo.cz\/index.php?rest_route=\/wp\/v2\/pages\/3029\/revisions\/3038"}],"wp:attachment":[{"href":"http:\/\/www.kokkidojo.cz\/index.php?rest_route=%2Fwp%2Fv2%2Fmedia&parent=3029"}],"curies":[{"name":"wp","href":"https:\/\/api.w.org\/{rel}","templated":true}]}}