{"id":10,"date":"2008-09-02T17:55:35","date_gmt":"2008-09-02T15:55:35","guid":{"rendered":"http:\/\/www.kokkidojo.cz\/?page_id=10"},"modified":"2012-09-03T09:47:11","modified_gmt":"2012-09-03T07:47:11","slug":"cviceni-iaido","status":"publish","type":"page","link":"http:\/\/www.kokkidojo.cz\/?page_id=10","title":{"rendered":"Cvi\u010den\u00ed Iaid\u00f3"},"content":{"rendered":"<p>V\u011bnujeme se studiu a cvi\u010den\u00ed \u0161koly <strong>Zen Nihon Kend\u00f3 Renmei Iai &#8211; tzv. Seitei (standartn\u00ed) iai a star\u00e9 \u0161koly Mus\u00f3 Shinden Ry\u016f.<\/strong> Zen Nihon Kendo Renmei Iai (d\u00e1le jen ZNKR Iai) obsahuje dv\u00e1n\u00e1ct technik, tzv. kata a \u0161kola Muso Shinden ji\u017e \u010dty\u0159icet t\u0159i kata. V\u011bt\u0161\u00ed n\u00e1roky na studenta p\u0159i cvi\u010den\u00ed star\u00e9 \u0161koly (tzv. kory\u00fa) pak sami ur\u010duj\u00ed dobu, kdy je dobr\u00e9 za\u010d\u00edt se studiem star\u00e9 \u0161koly a to v\u011bt\u0161inou b\u00fdv\u00e1 po roce studia ZNKR Iai. Za tuto dobu by m\u011bl student (pokud pozorn\u011b studuje a dostate\u010dn\u011b cvi\u010d\u00ed) z\u00edskat dobrou p\u0159edstavu o tom, co to prakticky iaid\u00f3 je a jestli mu chce v\u011bnovat v\u00edce sv\u00e9ho \u010dasu a energie. Mimo procvi\u010dov\u00e1n\u00ed kata a z\u00e1kladn\u00edch technik pro kata, se p\u0159i cvi\u010den\u00ed v\u011bnujeme i n\u00e1cviku z\u00e1kladn\u00edch technik Kend\u00f3 pro rozvoj lep\u0161\u00edho vn\u00edm\u00e1n\u00ed vzd\u00e1lenosti a spr\u00e1vn\u00e9ho na\u010dasov\u00e1n\u00ed.<\/p>\n<p>Iaid\u00f3 (japonsky: \u5c45\u5408\u9053), (\u010dti jako iaid\u00f3 &#8211; \u010dten\u00ed jako jajd\u00f3, je nespr\u00e1vn\u00e1 forma) je japonsk\u00e9 bojov\u00e9 um\u011bn\u00ed me\u010de a jako takov\u00e9 je cel\u00e9 prostoupen\u00e9 kulturou lid\u00ed, kte\u0159\u00ed me\u010d v japonsku  nosili &#8211; samuraj\u016f. Nejv\u00edce lid\u00ed asi nejprve zaj\u00edm\u00e1 pr\u00e1v\u011b ten me\u010d a um\u011bn\u00ed s n\u00edm zach\u00e1zet, ale student iaid\u00f3 se toho o samuraj\u00edch dozv\u00ed b\u011bhem \u010dasu mnohem v\u00edce, ne\u017e jen to, jak dok\u00e1zali bravurn\u011b por\u00e1\u017eet sv\u00e9 protivn\u00edky. Nejde o to, \u017ee se nau\u010d\u00ed obl\u00e9kat si spr\u00e1vn\u011b tradi\u010dn\u00ed japonsk\u00e9 oble\u010den\u00ed, nosit me\u010d za pasem a zdravit \u00faklonou, ale hlavn\u011b by se m\u011bl dozv\u011bd\u011bt o tom, jak se na me\u010d a na jeho pou\u017eit\u00ed d\u00edvali samotn\u00ed samurajov\u00e9. <strong>Ti do\u0161li, b\u011bhem n\u011bkolika set let v\u00e1lek, nakonec ke stejn\u00e9mu poznatku jako ka\u017ed\u00e1 rozumn\u00e1 skupina lid\u00ed a to, \u017ee me\u010de jsou nejlep\u0161\u00ed, kdy\u017e se nepou\u017e\u00edvaj\u00ed.<\/strong> Nicm\u00e9n\u011b, kladli velik\u00fd d\u016fraz na hlubok\u00e9 studium cesty me\u010de i v dob\u00e1ch m\u00edru (samoz\u0159ejm\u011b, \u017ee toto bylo jejich povinnost\u00ed v\u016f\u010di chlebod\u00e1rci a\u017e do doby Meiji &#8211; 1868+), ale zam\u011b\u0159ili sv\u00e1 studia i na zd\u00e1nliv\u011b vedlej\u0161\u00ed aspekty bojov\u00fdch um\u011bn\u00ed a sna\u017eili se rozv\u00edjet nejen jako v\u00e1le\u010dn\u00edci, ale i jako lid\u00e9, kte\u0159\u00ed jsou prosp\u011b\u0161n\u00ed cel\u00e9 spole\u010dnosti, ve kter\u00e9 \u017eij\u00ed. Pr\u00e1v\u011b tento p\u0159\u00edstup p\u0159etrval v japonsk\u00fdch bojov\u00fdch um\u011bn\u00edch dodnes a my &#8211; studenti cesty me\u010de, jsme velmi vd\u011b\u010dn\u00ed za tato pou\u010den\u00ed nav\u00edc. <strong>Je na\u0161\u00edm p\u0159\u00e1n\u00edm dal\u0161\u00edm tr\u00e9ninkem naplnit o\u010dek\u00e1v\u00e1n\u00ed na\u0161ich u\u010ditel\u016f a z\u00edskat s\u00edlu pro rozvoj spole\u010dnosti, kter\u00e1 me\u010d ji\u017e nepot\u0159ebuje.<\/strong><\/p>\n<p>K tomuto jako dovysv\u011btlen\u00ed se mi zd\u00e1 vhodn\u00e9 t\u00e9\u017e publikovat c\u00edle cvi\u010den\u00ed kend\u00f3, tak jak byly p\u0159edstaveny vrcholn\u00fdm p\u0159edstavitelem Zen Nihon Kend\u00f3 Renmei (Celojaponsk\u00e1 federace kend\u00f3).<\/p>\n<blockquote><p>C\u00edlem Kend\u00f3 je<\/p>\n<p>    Formovat mysl a t\u011blo,<br \/>\n    zu\u0161lech\u0165ovat siln\u00e9ho ducha<br \/>\n    a spr\u00e1vn\u00fdm a p\u0159esn\u00fdm cvi\u010den\u00edm<br \/>\n    usilovat o zdokonalen\u00ed se v um\u011bn\u00ed kend\u00f3,<br \/>\n    ct\u00edt lidskou laskavost a \u010dest,<br \/>\n    st\u00fdkat se s ostatn\u00edmi s up\u0159\u00edmnost\u00ed a<br \/>\n    v\u017edy usilovat o zu\u0161lecht\u011bn\u00ed sebe sama.<br \/>\n    Takto bude \u010dlov\u011bk schopen<br \/>\n    milovat svou zemi a spole\u010dnost,<br \/>\n    p\u0159isp\u011bt k rozvoji kultury a<br \/>\n    napomoci m\u00edru a \u0161t\u011bst\u00ed mezi v\u0161emi lidmi<\/p>\n<p>    \u2013 Koncept a c\u00edle Kend\u00f3, Celojaponsk\u00e1 federace Kend\u00f3, 1975<\/p><\/blockquote>\n<p>Historick\u00fd v\u00fdvoj samuraj\u016f z hlediska bojov\u00fdch um\u011bn\u00ed &#8211; pro p\u0159edstavu co to vlastn\u011b je iaid\u00f3 teoreticky, bude n\u00e1sledovat &#8230;<\/p>\n<p>Zat\u00edm pro z\u00e1jemce poslou\u017e\u00edme odkazem na term\u00edn <a title=\"http:\/\/cs.wikipedia.org\/wiki\/Iaid%C3%B3\" href=\"http:\/\/cs.wikipedia.org\/wiki\/Iaid%C3%B3\" target=\"_blank\">iaid\u00f3<\/a> z \u010desk\u00e9 wikipedie.<\/p>\n<p>Dne 24.9.2011 jsme na n\u00e1\u0161 web p\u0159idali mal\u00e9 pojedn\u00e1n\u00ed <a href=\"http:\/\/www.kokkidojo.cz\/?p=1477\" title=\"Kurogane z filmu Ran \u2013 ide\u00e1l samuraje\" target=\"_blank\">Kurogane z filmu Ran \u2013 ide\u00e1l samuraje<\/a>, kter\u00e9 trochu nasti\u0148uje obsah japonsk\u00fdch v\u00fdraz\u016f samuraj a bu\u0161id\u00f3.<\/p>\n","protected":false},"excerpt":{"rendered":"<p>V\u011bnujeme se studiu a cvi\u010den\u00ed \u0161koly Zen Nihon Kend\u00f3 Renmei Iai &#8211; tzv. Seitei (standartn\u00ed) iai a star\u00e9 \u0161koly Mus\u00f3 Shinden Ry\u016f. Zen Nihon Kendo Renmei Iai (d\u00e1le jen ZNKR Iai) obsahuje dv\u00e1n\u00e1ct technik, tzv. kata a \u0161kola Muso Shinden ji\u017e \u010dty\u0159icet t\u0159i kata. V\u011bt\u0161\u00ed n\u00e1roky na studenta p\u0159i cvi\u010den\u00ed star\u00e9 \u0161koly (tzv. kory\u00fa) pak [&hellip;]<\/p>\n","protected":false},"author":2,"featured_media":0,"parent":0,"menu_order":0,"comment_status":"open","ping_status":"open","template":"","meta":{"ngg_post_thumbnail":0,"footnotes":""},"class_list":["post-10","page","type-page","status-publish","hentry"],"_links":{"self":[{"href":"http:\/\/www.kokkidojo.cz\/index.php?rest_route=\/wp\/v2\/pages\/10","targetHints":{"allow":["GET"]}}],"collection":[{"href":"http:\/\/www.kokkidojo.cz\/index.php?rest_route=\/wp\/v2\/pages"}],"about":[{"href":"http:\/\/www.kokkidojo.cz\/index.php?rest_route=\/wp\/v2\/types\/page"}],"author":[{"embeddable":true,"href":"http:\/\/www.kokkidojo.cz\/index.php?rest_route=\/wp\/v2\/users\/2"}],"replies":[{"embeddable":true,"href":"http:\/\/www.kokkidojo.cz\/index.php?rest_route=%2Fwp%2Fv2%2Fcomments&post=10"}],"version-history":[{"count":17,"href":"http:\/\/www.kokkidojo.cz\/index.php?rest_route=\/wp\/v2\/pages\/10\/revisions"}],"predecessor-version":[{"id":54,"href":"http:\/\/www.kokkidojo.cz\/index.php?rest_route=\/wp\/v2\/pages\/10\/revisions\/54"}],"wp:attachment":[{"href":"http:\/\/www.kokkidojo.cz\/index.php?rest_route=%2Fwp%2Fv2%2Fmedia&parent=10"}],"curies":[{"name":"wp","href":"https:\/\/api.w.org\/{rel}","templated":true}]}}